{"id":5960,"date":"2025-10-18T18:06:16","date_gmt":"2025-10-18T16:06:16","guid":{"rendered":"https:\/\/nessler.fr\/?page_id=5960"},"modified":"2026-04-04T21:23:52","modified_gmt":"2026-04-04T19:23:52","slug":"association","status":"publish","type":"page","link":"https:\/\/nessler.fr\/en\/association\/","title":{"rendered":"The Janine Nessler Association"},"content":{"rendered":"<div class=\"wpb-content-wrapper\"><div class=\"vc_row wpb_row vc_row-fluid vc_custom_1760811399006\"><div class=\"wpb_column vc_column_container vc_col-sm-3\"><div class=\"vc_column-inner\"><div class=\"wpb_wrapper\">\n\t<div  class=\"wpb_single_image wpb_content_element vc_align_left wpb_content_element\">\n\t\t\n\t\t<figure class=\"wpb_wrapper vc_figure\">\n\t\t\t<div class=\"vc_single_image-wrapper   vc_box_border_grey\"><img loading=\"lazy\" decoding=\"async\" width=\"2560\" height=\"2560\" src=\"https:\/\/nessler.fr\/wp-content\/uploads\/2025\/10\/favicon-scaled.jpg\" class=\"vc_single_image-img attachment-full\" alt=\"\" title=\"favicon\" srcset=\"https:\/\/nessler.fr\/wp-content\/uploads\/2025\/10\/favicon-scaled.jpg 2560w, https:\/\/nessler.fr\/wp-content\/uploads\/2025\/10\/favicon-300x300.jpg 300w, https:\/\/nessler.fr\/wp-content\/uploads\/2025\/10\/favicon-1024x1024.jpg 1024w, https:\/\/nessler.fr\/wp-content\/uploads\/2025\/10\/favicon-150x150.jpg 150w, https:\/\/nessler.fr\/wp-content\/uploads\/2025\/10\/favicon-768x768.jpg 768w, https:\/\/nessler.fr\/wp-content\/uploads\/2025\/10\/favicon-1536x1536.jpg 1536w, https:\/\/nessler.fr\/wp-content\/uploads\/2025\/10\/favicon-2048x2048.jpg 2048w, https:\/\/nessler.fr\/wp-content\/uploads\/2025\/10\/favicon-1200x1200.jpg 1200w, https:\/\/nessler.fr\/wp-content\/uploads\/2025\/10\/favicon-1980x1980.jpg 1980w, https:\/\/nessler.fr\/wp-content\/uploads\/2025\/10\/favicon-450x450.jpg 450w, https:\/\/nessler.fr\/wp-content\/uploads\/2025\/10\/favicon-600x600.jpg 600w, https:\/\/nessler.fr\/wp-content\/uploads\/2025\/10\/favicon-100x100.jpg 100w\" sizes=\"auto, (max-width: 2560px) 100vw, 2560px\" \/><\/div>\n\t\t<\/figure>\n\t<\/div>\n<\/div><\/div><\/div><div class=\"wpb_column vc_column_container vc_col-sm-9\"><div class=\"vc_column-inner\"><div class=\"wpb_wrapper\">\n\t<div class=\"wpb_text_column wpb_content_element\" >\n\t\t<div class=\"wpb_wrapper\">\n\t\t\t<p>The Janine Nessler association aims to promote the work of the painter Janine Nessler (1925\u20132026).<\/p>\n<p>Established under the 1901 law, it is managed by the artist&#039;s descendants, who ensure the preservation, dissemination and transmission of his artistic and human legacy.<\/p>\n<h6>The artist&#039;s work<\/h6>\n<p>The Janine Nessler association&#039;s mission is to preserve, document and promote the artist&#039;s entire body of work.<\/p>\n<p>It catalogues paintings, drawings, lithographs and archival documents, in collaboration with private collectors, galleries and institutions that have hosted its exhibitions.<\/p>\n<p>This work of remembrance is part of a desire to create a reliable reference for research, art history and cultural transmission.<\/p>\n<p>The association also strives to encourage the rediscovery of the artist among the general public, through publications, exhibitions, partnerships and the provision of a collection of images and texts intended for researchers, teachers and art lovers.<\/p>\n<p>She is doing this so that Janine Nessler&#039;s work continues to live, to inspire and to move, beyond time and generations.<\/p>\n<h6>The promotion of culture<\/h6>\n<p>True to the artist&#039;s spirit of openness and sharing, the association is also committed to promoting culture and artistic education.<\/p>\n<p>It offers educational workshops, educational fact sheets and small thematic files for teachers, mediators and cultural structures, in order to raise awareness among younger generations about painting and artistic creation.<\/p>\n<p>These resources, <a href=\"..\/pedagogique\">available on the website<\/a>, invite us to discover painting as a universal language of emotion, color and light.<\/p>\n<h6>The transmission of memory<\/h6>\n<p>Janine Nessler&#039;s story, marked by her childhood during the Second World War and her journey as the daughter of a Romanian Jewish lawyer who took refuge in France, gives her work a profound human and historical dimension.<\/p>\n<p>The association wishes to honor this memory by participating in actions to prevent anti-Semitism and all forms of stigmatization, through cultural and educational initiatives.<\/p>\n<p>Educational fact sheets and files are <a href=\"..\/pedagogique\">made available on the website<\/a> to support teachers and educators in this process of remembrance and transmission.<\/p>\n<h6>Our missions<\/h6>\n<p>Through its actions, the Janine Nessler association pursues three main missions:<\/p>\n<ul>\n<li>To preserve and promote the artist&#039;s work; ;<\/li>\n<li>To disseminate artistic culture to all audiences; ;<\/li>\n<li>To transmit the humanist values embodied in his life and art.<\/li>\n<\/ul>\n<p>Through these commitments, the association helps to keep alive Janine Nessler&#039;s message: that of a luminous painting, turned towards life, beauty and human dignity.<\/p>\n\n\t\t<\/div>\n\t<\/div>\n<\/div><\/div><\/div><\/div>\n<\/div>","protected":false},"excerpt":{"rendered":"L\u2019association Janine Nessler a pour objet la promotion de l\u2019\u0153uvre de l\u2019artiste peintre Janine Nessler (1925\u20132026). Constitu\u00e9e sous le r\u00e9gime de la loi de 1901, elle est g\u00e9r\u00e9e par les descendants de l\u2019artiste, qui veillent \u00e0 la pr\u00e9servation, \u00e0 la diffusion et \u00e0 la transmission de son h\u00e9ritage artistique et humain. L'\u0153uvre de l'artiste L\u2019association [...]","protected":false},"author":1,"featured_media":0,"parent":0,"menu_order":0,"comment_status":"closed","ping_status":"closed","template":"","meta":{"footnotes":""},"class_list":["post-5960","page","type-page","status-publish","hentry"],"_links":{"self":[{"href":"https:\/\/nessler.fr\/en\/wp-json\/wp\/v2\/pages\/5960","targetHints":{"allow":["GET"]}}],"collection":[{"href":"https:\/\/nessler.fr\/en\/wp-json\/wp\/v2\/pages"}],"about":[{"href":"https:\/\/nessler.fr\/en\/wp-json\/wp\/v2\/types\/page"}],"author":[{"embeddable":true,"href":"https:\/\/nessler.fr\/en\/wp-json\/wp\/v2\/users\/1"}],"replies":[{"embeddable":true,"href":"https:\/\/nessler.fr\/en\/wp-json\/wp\/v2\/comments?post=5960"}],"version-history":[{"count":7,"href":"https:\/\/nessler.fr\/en\/wp-json\/wp\/v2\/pages\/5960\/revisions"}],"predecessor-version":[{"id":6368,"href":"https:\/\/nessler.fr\/en\/wp-json\/wp\/v2\/pages\/5960\/revisions\/6368"}],"wp:attachment":[{"href":"https:\/\/nessler.fr\/en\/wp-json\/wp\/v2\/media?parent=5960"}],"curies":[{"name":"wp","href":"https:\/\/api.w.org\/{rel}","templated":true}]}}