{"id":5956,"date":"2025-10-18T18:05:27","date_gmt":"2025-10-18T16:05:27","guid":{"rendered":"https:\/\/nessler.fr\/?page_id=5956"},"modified":"2025-10-19T19:16:22","modified_gmt":"2025-10-19T17:16:22","slug":"pedagogical","status":"publish","type":"page","link":"https:\/\/nessler.fr\/en\/pedagogique\/","title":{"rendered":"Educational workshops"},"content":{"rendered":"<div class=\"wpb-content-wrapper\"><div class=\"vc_row wpb_row vc_row-fluid vc_custom_1760893745161\"><div class=\"wpb_column vc_column_container vc_col-sm-4\"><div class=\"vc_column-inner\"><div class=\"wpb_wrapper\">\n\t<div class=\"wpb_text_column wpb_content_element\" >\n\t\t<div class=\"wpb_wrapper\">\n\t\t\t<p>These two educational booklets invite children and teenagers to discover art and history through the life and work of <strong data-start=\"324\" data-end=\"354\">Janine Nessler<\/strong>.<\/p>\n<p>The first explores colour, composition and the expression of emotions through his paintings.<\/p>\n<p>The second draws on his experiences during the Second World War to address the themes of tolerance, freedom, and courage.<\/p>\n<p>Designed in connection with the <strong data-start=\"679\" data-end=\"712\">French school programs<\/strong>, These workshops develop both artistic sensitivity and civic reflection.<\/p>\n\n\t\t<\/div>\n\t<\/div>\n<\/div><\/div><\/div><div class=\"wpb_column vc_column_container vc_col-sm-4\"><div class=\"vc_column-inner\"><div class=\"wpb_wrapper\">\n\t<div  class=\"wpb_single_image wpb_content_element vc_align_center wpb_content_element\">\n\t\t\n\t\t<figure class=\"wpb_wrapper vc_figure\">\n\t\t\t<a href=\"https:\/\/nessler.fr\/wp-content\/uploads\/2025\/10\/Musee_Janine_Nessler_Ateliers_pedagogiques_Peinture.pdf\" target=\"_blank\" class=\"vc_single_image-wrapper vc_box_shadow_border  vc_box_border_grey\"><img loading=\"lazy\" decoding=\"async\" width=\"212\" height=\"300\" src=\"https:\/\/nessler.fr\/wp-content\/uploads\/2025\/10\/Musee_Janine_Nessler_Ateliers_pedagogiques_Peinture-1-212x300.jpg\" class=\"vc_single_image-img attachment-medium\" alt=\"\" title=\"Janine Nessler Museum - Educational Painting Workshops - 1\" srcset=\"https:\/\/nessler.fr\/wp-content\/uploads\/2025\/10\/Musee_Janine_Nessler_Ateliers_pedagogiques_Peinture-1-212x300.jpg 212w, https:\/\/nessler.fr\/wp-content\/uploads\/2025\/10\/Musee_Janine_Nessler_Ateliers_pedagogiques_Peinture-1-724x1024.jpg 724w, https:\/\/nessler.fr\/wp-content\/uploads\/2025\/10\/Musee_Janine_Nessler_Ateliers_pedagogiques_Peinture-1-768x1087.jpg 768w, https:\/\/nessler.fr\/wp-content\/uploads\/2025\/10\/Musee_Janine_Nessler_Ateliers_pedagogiques_Peinture-1-600x849.jpg 600w, https:\/\/nessler.fr\/wp-content\/uploads\/2025\/10\/Musee_Janine_Nessler_Ateliers_pedagogiques_Peinture-1.jpg 848w\" sizes=\"auto, (max-width: 212px) 100vw, 212px\" \/><\/a>\n\t\t<\/figure>\n\t<\/div>\n<div class=\"vc_btn3-container vc_btn3-center vc_do_btn\" ><a onmouseleave=\"this.style.borderColor='#000000'; this.style.backgroundColor='transparent'; this.style.color='#000000'\" onmouseenter=\"this.style.borderColor='#FFFFFF'; this.style.backgroundColor='#FFFFFF'; this.style.color='#000000';\" style=\"border-color:#000000; color:#000000;\" class=\"vc_general vc_btn3 vc_btn3-size-lg vc_btn3-shape-rounded vc_btn3-style-outline-custom vc_btn3-icon-left\" href=\"https:\/\/nessler.fr\/wp-content\/uploads\/2025\/10\/Musee_Janine_Nessler_Ateliers_pedagogiques_Peinture.pdf\" title=\"\" target=\"_blank\"><i class=\"vc_btn3-icon fa fa-solid fa-download\"><\/i> Download the booklet<\/a><\/div><\/div><\/div><\/div><div class=\"wpb_column vc_column_container vc_col-sm-4\"><div class=\"vc_column-inner\"><div class=\"wpb_wrapper\">\n\t<div  class=\"wpb_single_image wpb_content_element vc_align_center wpb_content_element\">\n\t\t\n\t\t<figure class=\"wpb_wrapper vc_figure\">\n\t\t\t<a href=\"https:\/\/nessler.fr\/wp-content\/uploads\/2025\/10\/Musee_Janine_Nessler_Ateliers_pedagogiques_Histoire.pdf\" target=\"_blank\" class=\"vc_single_image-wrapper vc_box_shadow_border  vc_box_border_grey\"><img loading=\"lazy\" decoding=\"async\" width=\"212\" height=\"300\" src=\"https:\/\/nessler.fr\/wp-content\/uploads\/2025\/10\/Musee_Janine_Nessler_Ateliers_pedagogiques_Histoire-1-212x300.jpg\" class=\"vc_single_image-img attachment-medium\" alt=\"\" title=\"Janine Nessler Museum - Educational Workshops - History - 1\" srcset=\"https:\/\/nessler.fr\/wp-content\/uploads\/2025\/10\/Musee_Janine_Nessler_Ateliers_pedagogiques_Histoire-1-212x300.jpg 212w, https:\/\/nessler.fr\/wp-content\/uploads\/2025\/10\/Musee_Janine_Nessler_Ateliers_pedagogiques_Histoire-1-724x1024.jpg 724w, https:\/\/nessler.fr\/wp-content\/uploads\/2025\/10\/Musee_Janine_Nessler_Ateliers_pedagogiques_Histoire-1-768x1087.jpg 768w, https:\/\/nessler.fr\/wp-content\/uploads\/2025\/10\/Musee_Janine_Nessler_Ateliers_pedagogiques_Histoire-1-600x849.jpg 600w, https:\/\/nessler.fr\/wp-content\/uploads\/2025\/10\/Musee_Janine_Nessler_Ateliers_pedagogiques_Histoire-1.jpg 848w\" sizes=\"auto, (max-width: 212px) 100vw, 212px\" \/><\/a>\n\t\t<\/figure>\n\t<\/div>\n<div class=\"vc_btn3-container vc_btn3-center vc_do_btn\" ><a onmouseleave=\"this.style.borderColor='#000000'; this.style.backgroundColor='transparent'; this.style.color='#000000'\" onmouseenter=\"this.style.borderColor='#FFFFFF'; this.style.backgroundColor='#FFFFFF'; this.style.color='#000000';\" style=\"border-color:#000000; color:#000000;\" class=\"vc_general vc_btn3 vc_btn3-size-lg vc_btn3-shape-rounded vc_btn3-style-outline-custom vc_btn3-icon-left\" href=\"https:\/\/nessler.fr\/wp-content\/uploads\/2025\/10\/Musee_Janine_Nessler_Ateliers_pedagogiques_Histoire.pdf\" title=\"\" target=\"_blank\"><i class=\"vc_btn3-icon fa fa-solid fa-download\"><\/i> Download the booklet<\/a><\/div><\/div><\/div><\/div><\/div>\n<\/div>","protected":false},"excerpt":{"rendered":"Ces deux livrets p\u00e9dagogiques invitent les enfants et les adolescents \u00e0 d\u00e9couvrir l\u2019art et l\u2019histoire \u00e0 travers la vie et l\u2019\u0153uvre de Janine Nessler. Le premier explore la couleur, la composition et l\u2019expression des \u00e9motions \u00e0 partir de ses peintures. Le second s\u2019appuie sur son parcours pendant la Seconde Guerre mondiale pour aborder les th\u00e8mes [...]","protected":false},"author":1,"featured_media":0,"parent":0,"menu_order":0,"comment_status":"closed","ping_status":"closed","template":"","meta":{"footnotes":""},"class_list":["post-5956","page","type-page","status-publish","hentry"],"_links":{"self":[{"href":"https:\/\/nessler.fr\/en\/wp-json\/wp\/v2\/pages\/5956","targetHints":{"allow":["GET"]}}],"collection":[{"href":"https:\/\/nessler.fr\/en\/wp-json\/wp\/v2\/pages"}],"about":[{"href":"https:\/\/nessler.fr\/en\/wp-json\/wp\/v2\/types\/page"}],"author":[{"embeddable":true,"href":"https:\/\/nessler.fr\/en\/wp-json\/wp\/v2\/users\/1"}],"replies":[{"embeddable":true,"href":"https:\/\/nessler.fr\/en\/wp-json\/wp\/v2\/comments?post=5956"}],"version-history":[{"count":8,"href":"https:\/\/nessler.fr\/en\/wp-json\/wp\/v2\/pages\/5956\/revisions"}],"predecessor-version":[{"id":6343,"href":"https:\/\/nessler.fr\/en\/wp-json\/wp\/v2\/pages\/5956\/revisions\/6343"}],"wp:attachment":[{"href":"https:\/\/nessler.fr\/en\/wp-json\/wp\/v2\/media?parent=5956"}],"curies":[{"name":"wp","href":"https:\/\/api.w.org\/{rel}","templated":true}]}}