{"id":5952,"date":"2025-10-18T18:04:24","date_gmt":"2025-10-18T16:04:24","guid":{"rendered":"https:\/\/nessler.fr\/?page_id=5952"},"modified":"2026-04-04T21:32:22","modified_gmt":"2026-04-04T19:32:22","slug":"history","status":"publish","type":"page","link":"https:\/\/nessler.fr\/en\/histoire\/","title":{"rendered":"The story"},"content":{"rendered":"<div class=\"wpb-content-wrapper\"><div class=\"vc_row wpb_row vc_row-fluid vc_custom_1760805334880\"><div class=\"wpb_column vc_column_container vc_col-sm-6\"><div class=\"vc_column-inner\"><div class=\"wpb_wrapper\">\n\t<div  class=\"wpb_single_image wpb_content_element vc_align_left wpb_content_element\">\n\t\t\n\t\t<figure class=\"wpb_wrapper vc_figure\">\n\t\t\t<div class=\"vc_single_image-wrapper   vc_box_border_grey\"><img loading=\"lazy\" decoding=\"async\" width=\"1200\" height=\"800\" src=\"https:\/\/nessler.fr\/wp-content\/uploads\/2025\/10\/nessler-006.jpg\" class=\"vc_single_image-img attachment-full\" alt=\"\" title=\"Janine Nessler (1925-2026)\" srcset=\"https:\/\/nessler.fr\/wp-content\/uploads\/2025\/10\/nessler-006.jpg 1200w, https:\/\/nessler.fr\/wp-content\/uploads\/2025\/10\/nessler-006-300x200.jpg 300w, https:\/\/nessler.fr\/wp-content\/uploads\/2025\/10\/nessler-006-1024x683.jpg 1024w, https:\/\/nessler.fr\/wp-content\/uploads\/2025\/10\/nessler-006-768x512.jpg 768w, https:\/\/nessler.fr\/wp-content\/uploads\/2025\/10\/nessler-006-600x400.jpg 600w\" sizes=\"auto, (max-width: 1200px) 100vw, 1200px\" \/><\/div>\n\t\t<\/figure>\n\t<\/div>\n<\/div><\/div><\/div><div class=\"wpb_column vc_column_container vc_col-sm-6\"><div class=\"vc_column-inner\"><div class=\"wpb_wrapper\">\n\t<div class=\"wpb_text_column wpb_content_element\" >\n\t\t<div class=\"wpb_wrapper\">\n\t\t\t<p>Janine NESSLER (n\u00e9e Janine NETZLER) was born in August 1925 in Mantes-la-Ville, then a small town in the department of Seine-et-Oise (now Yvelines). She grew up in Paris, in the 17th arrondissement, where her curiosity and artistic sense were awakened very early.<\/p>\n<p>Her mother, from a rural French background, instilled in her a strong work ethic. Her father, a Romanian Jewish lawyer who spoke French, fled the pogroms in his country to find refuge in the land of &quot;human rights.&quot; Attentive to his daughter&#039;s early passion for drawing and color, he gave her her first &quot;artist&#039;s kit&quot;: a simple but pivotal gesture.<\/p>\n\n\t\t<\/div>\n\t<\/div>\n<\/div><\/div><\/div><\/div><div class=\"vc_row wpb_row vc_row-fluid\"><div class=\"wpb_column vc_column_container vc_col-sm-3\"><div class=\"vc_column-inner\"><div class=\"wpb_wrapper\">\n\t<div  class=\"wpb_single_image wpb_content_element vc_align_left wpb_content_element\">\n\t\t\n\t\t<figure class=\"wpb_wrapper vc_figure\">\n\t\t\t<div class=\"vc_single_image-wrapper   vc_box_border_grey\"><img loading=\"lazy\" decoding=\"async\" width=\"1200\" height=\"1135\" src=\"https:\/\/nessler.fr\/wp-content\/uploads\/2025\/10\/nessler-003.jpg\" class=\"vc_single_image-img attachment-full\" alt=\"\" title=\"Janine Nessler\" srcset=\"https:\/\/nessler.fr\/wp-content\/uploads\/2025\/10\/nessler-003.jpg 1200w, https:\/\/nessler.fr\/wp-content\/uploads\/2025\/10\/nessler-003-300x284.jpg 300w, https:\/\/nessler.fr\/wp-content\/uploads\/2025\/10\/nessler-003-1024x969.jpg 1024w, https:\/\/nessler.fr\/wp-content\/uploads\/2025\/10\/nessler-003-768x726.jpg 768w, https:\/\/nessler.fr\/wp-content\/uploads\/2025\/10\/nessler-003-600x568.jpg 600w\" sizes=\"auto, (max-width: 1200px) 100vw, 1200px\" \/><\/div><figcaption class=\"vc_figure-caption\">Marriage of Janine Nessler and Roger Azoulai, in 1951.<\/figcaption>\n\t\t<\/figure>\n\t<\/div>\n\n\t<div  class=\"wpb_single_image wpb_content_element vc_align_left wpb_content_element\">\n\t\t\n\t\t<figure class=\"wpb_wrapper vc_figure\">\n\t\t\t<div class=\"vc_single_image-wrapper   vc_box_border_grey\"><img loading=\"lazy\" decoding=\"async\" width=\"744\" height=\"1200\" src=\"https:\/\/nessler.fr\/wp-content\/uploads\/2025\/10\/nessler-004.jpg\" class=\"vc_single_image-img attachment-full\" alt=\"\" title=\"Janine Nessler\" srcset=\"https:\/\/nessler.fr\/wp-content\/uploads\/2025\/10\/nessler-004.jpg 744w, https:\/\/nessler.fr\/wp-content\/uploads\/2025\/10\/nessler-004-186x300.jpg 186w, https:\/\/nessler.fr\/wp-content\/uploads\/2025\/10\/nessler-004-635x1024.jpg 635w, https:\/\/nessler.fr\/wp-content\/uploads\/2025\/10\/nessler-004-600x968.jpg 600w\" sizes=\"auto, (max-width: 744px) 100vw, 744px\" \/><\/div><figcaption class=\"vc_figure-caption\">With her husband and daughter, in the mid-1950s.<\/figcaption>\n\t\t<\/figure>\n\t<\/div>\n\n\t<div  class=\"wpb_single_image wpb_content_element vc_align_left wpb_content_element\">\n\t\t\n\t\t<figure class=\"wpb_wrapper vc_figure\">\n\t\t\t<div class=\"vc_single_image-wrapper   vc_box_border_grey\"><img loading=\"lazy\" decoding=\"async\" width=\"1174\" height=\"1200\" src=\"https:\/\/nessler.fr\/wp-content\/uploads\/2025\/10\/nessler-005.jpg\" class=\"vc_single_image-img attachment-full\" alt=\"\" title=\"Janine Nessler\" srcset=\"https:\/\/nessler.fr\/wp-content\/uploads\/2025\/10\/nessler-005.jpg 1174w, https:\/\/nessler.fr\/wp-content\/uploads\/2025\/10\/nessler-005-294x300.jpg 294w, https:\/\/nessler.fr\/wp-content\/uploads\/2025\/10\/nessler-005-1002x1024.jpg 1002w, https:\/\/nessler.fr\/wp-content\/uploads\/2025\/10\/nessler-005-768x785.jpg 768w, https:\/\/nessler.fr\/wp-content\/uploads\/2025\/10\/nessler-005-600x613.jpg 600w\" sizes=\"auto, (max-width: 1174px) 100vw, 1174px\" \/><\/div><figcaption class=\"vc_figure-caption\">Janine Nessler surrounded by her grandmother, her mother, her daughter and her granddaughter.<\/figcaption>\n\t\t<\/figure>\n\t<\/div>\n<\/div><\/div><\/div><div class=\"wpb_column vc_column_container vc_col-sm-9\"><div class=\"vc_column-inner\"><div class=\"wpb_wrapper\">\n\t<div class=\"wpb_text_column wpb_content_element\" >\n\t\t<div class=\"wpb_wrapper\">\n\t\t\t<p>In the early 1930s, during a family holiday in Brittany, young Janine met Luce Paris Hilsum, a painter, who would become her &quot;godmother at heart&quot; and would encourage her throughout her creative journey.<\/p>\n<p>The war disrupted this balance. Anti-Semitic laws and the increasing number of denunciations forced the family to leave Paris for Nice, where Janine nevertheless continued her studies and obtained her first baccalaureate. Her father died tragically shortly before the invasion of the unoccupied zone. In 1942, the family narrowly escaped the August roundups, finding refuge in Oloron-Sainte-Marie. Armed with false baptismal certificates, she then made her way to Paris. At nineteen, Janine witnessed the Liberation of Paris and volunteered at the H\u00f4tel Lutetia, which had been transformed into a reception center for survivors of Nazi camps.<\/p>\n\n\t\t<\/div>\n\t<\/div>\n<div class=\"vc_row wpb_row vc_inner vc_row-fluid\"><div class=\"wpb_column vc_column_container vc_col-sm-3\"><div class=\"vc_column-inner\"><div class=\"wpb_wrapper\"><\/div><\/div><\/div><div class=\"wpb_column vc_column_container vc_col-sm-6\"><div class=\"vc_column-inner\"><div class=\"wpb_wrapper\">\n\t<div class=\"wpb_video_widget wpb_content_element vc_clearfix   vc_video-aspect-ratio-169 vc_video-el-width-100 vc_video-align-left\" >\n\t\t<div class=\"wpb_wrapper\">\n\t\t\t\n\t\t\t<div class=\"wpb_video_wrapper\"><iframe loading=\"lazy\" title=\"Souvenir of the Second World War\" src=\"https:\/\/player.vimeo.com\/video\/1128925974?dnt=1&amp;app_id=122963\" width=\"500\" height=\"281\" frameborder=\"0\" allow=\"autoplay; fullscreen; picture-in-picture; clipboard-write; encrypted-media; web-share\" referrerpolicy=\"strict-origin-when-cross-origin\"><\/iframe><\/div>\n\t\t<\/div>\n\t<\/div>\n\n\t<div class=\"wpb_text_column wpb_content_element\" >\n\t\t<div class=\"wpb_wrapper\">\n\t\t\t<p style=\"text-align: center;\"><em>We invite you to turn on English subtitles.<\/em><\/p>\n\n\t\t<\/div>\n\t<\/div>\n<\/div><\/div><\/div><div class=\"wpb_column vc_column_container vc_col-sm-3\"><div class=\"vc_column-inner\"><div class=\"wpb_wrapper\"><\/div><\/div><\/div><\/div>\n\t<div class=\"wpb_text_column wpb_content_element\" >\n\t\t<div class=\"wpb_wrapper\">\n\t\t\t<p>As soon as the war ended, she enrolled in several renowned Parisian workshops \u2013 La Grande Chaumi\u00e8re, Julian, Andr\u00e9 Lhote, Fernand L\u00e9ger \u2013 then in 1945 she joined the \u00c9cole nationale sup\u00e9rieure des Beaux-Arts, in the Narbonne workshop, where she met Bernard Buffet, who was admitted the following year.<\/p>\n<p>She then developed a personal style, nourished by her learning and a deep inner demand.<\/p>\n<p>After creating batiks for a renowned Alsatian fabric designer and painting steelworkers during a residency in northern France, she returned to Paris. There she met Roger Azoulai, an engineer of Egyptian origin, whom she would later marry. Together they had a daughter, Nadine.<\/p>\n<p>In the late 1950s, the family moved to a place near the Tuileries Garden, where Janine set up a bright studio conducive to her creative work. In 1967, she shared this space with the Greek painter and engraver Babis Retzepopoulos, a political refugee, who taught her the technique of engraving.<\/p>\n<p>His stays in Corsica, the Maghreb, Greece, and then, from 1972, in the family home in La Cadi\u00e8re-d&#039;Azur, nourished his work with a diversity of landscapes, faces and lights.<\/p>\n<p>Throughout her career, Janine Nessler participated in numerous exhibitions \u2013 Salon National des Beaux-Arts, Salon des Ind\u00e9pendants, Salon des Artistes Fran\u00e7ais, Salon des Femmes Peintres, Salon d&#039;Automne (of which she was a member), Salon Populiste, Salon Comparaisons\u2026<\/p>\n<p>She exhibits in numerous galleries in Paris, Lisbon and New York; her works are included in private collections in France, Japan, the United States, Switzerland and Belgium.<\/p>\n<p>Winner of the F\u00e9n\u00e9on Prize, the Portrait Prize and the Kahnweiler Prize, she receives several public commissions from the Ministry of Culture and the Civic Information Center.<\/p>\n<p>After the death of her husband in 1992, she left Paris to settle permanently in Saint-Cyr-sur-Mer, in the Var. There, she devoted herself fully to her art, deepening her quest for a painting free from all influence, seeking to reach an inner truth, a beauty &quot;beyond painting itself&quot;.<\/p>\n<p>Janine Nessler passed away at the age of 100 in April 2026, at the twilight of a life of creation, faithful to the end to her search for artistic fulfillment, in a painting that became a language of light and emotion.<\/p>\n\n\t\t<\/div>\n\t<\/div>\n<\/div><\/div><\/div><\/div>\n<\/div>","protected":false},"excerpt":{"rendered":"Janine NESSLER (n\u00e9e Janine NETZLER) voit le jour en ao\u00fbt 1925 \u00e0 Mantes-la-Ville, alors petite commune du d\u00e9partement de Seine-et-Oise (aujourd\u2019hui Yvelines). Elle grandit \u00e0 Paris, dans le XVII\u1d49 arrondissement, o\u00f9 s\u2019\u00e9veillent tr\u00e8s t\u00f4t sa curiosit\u00e9 et son sens artistique. Sa m\u00e8re, issue d\u2019un milieu rural fran\u00e7ais, lui transmet la rigueur du travail bien fait. [...]","protected":false},"author":1,"featured_media":0,"parent":0,"menu_order":0,"comment_status":"closed","ping_status":"closed","template":"","meta":{"footnotes":""},"class_list":["post-5952","page","type-page","status-publish","hentry"],"_links":{"self":[{"href":"https:\/\/nessler.fr\/en\/wp-json\/wp\/v2\/pages\/5952","targetHints":{"allow":["GET"]}}],"collection":[{"href":"https:\/\/nessler.fr\/en\/wp-json\/wp\/v2\/pages"}],"about":[{"href":"https:\/\/nessler.fr\/en\/wp-json\/wp\/v2\/types\/page"}],"author":[{"embeddable":true,"href":"https:\/\/nessler.fr\/en\/wp-json\/wp\/v2\/users\/1"}],"replies":[{"embeddable":true,"href":"https:\/\/nessler.fr\/en\/wp-json\/wp\/v2\/comments?post=5952"}],"version-history":[{"count":18,"href":"https:\/\/nessler.fr\/en\/wp-json\/wp\/v2\/pages\/5952\/revisions"}],"predecessor-version":[{"id":6371,"href":"https:\/\/nessler.fr\/en\/wp-json\/wp\/v2\/pages\/5952\/revisions\/6371"}],"wp:attachment":[{"href":"https:\/\/nessler.fr\/en\/wp-json\/wp\/v2\/media?parent=5952"}],"curies":[{"name":"wp","href":"https:\/\/api.w.org\/{rel}","templated":true}]}}