{"id":5824,"date":"2024-03-11T18:54:53","date_gmt":"2024-03-11T17:54:53","guid":{"rendered":"https:\/\/nessler.fr\/?page_id=5824"},"modified":"2025-10-18T17:58:31","modified_gmt":"2025-10-18T15:58:31","slug":"lithography-room","status":"publish","type":"page","link":"https:\/\/nessler.fr\/en\/visite\/salle-des-lithographies\/","title":{"rendered":"Lithograph Room"},"content":{"rendered":"<div class=\"wpb-content-wrapper\"><div data-vc-full-width=\"true\" data-vc-full-width-temp=\"true\" data-vc-full-width-init=\"false\" data-vc-stretch-content=\"true\" class=\"vc_row wpb_row vc_row-fluid vc_custom_1710143542474 vc_row-o-equal-height vc_row-o-content-middle vc_row-flex\"><div class=\"wpb_column vc_column_container vc_col-sm-12\"><div class=\"vc_column-inner\"><div class=\"wpb_wrapper\"><h6 style=\"font-size: 1em;text-align: left;font-family:Roboto;font-weight:700;font-style:normal\" class=\"vc_custom_heading vc_do_custom_heading vc_custom_1710001455046\" >Lithograph Room<\/h6>\n\t<div class=\"wpb_text_column wpb_content_element cartel\" >\n\t\t<div class=\"wpb_wrapper\">\n\t\t\t<p><strong>A selection of prints made from the artist&#039;s wood engravings<\/strong><\/p>\n<p>Wood engraving print, India ink<br \/>\n\u00a9 Nessler Private Collection<\/p>\n\n\t\t<\/div>\n\t<\/div>\n<\/div><\/div><\/div><\/div><div class=\"vc_row-full-width vc_clearfix\"><\/div><div class=\"vc_row wpb_row vc_row-fluid\"><div class=\"wpb_column vc_column_container vc_col-sm-12\"><div class=\"vc_column-inner\"><div class=\"wpb_wrapper\">\n<div class=\"vc_grid-container-wrapper vc_clearfix vc_grid-animation-none\">\n\t<div class=\"vc_grid-container vc_clearfix wpb_content_element vc_masonry_media_grid\" data-initial-loading-animation=\"none\" data-vc-grid-settings=\"{&quot;page_id&quot;:5824,&quot;style&quot;:&quot;all-masonry&quot;,&quot;action&quot;:&quot;vc_get_vc_grid_data&quot;,&quot;shortcode_id&quot;:&quot;1760803092481-adbe7887-0db7-9&quot;,&quot;tag&quot;:&quot;vc_masonry_media_grid&quot;}\" data-vc-request=\"https:\/\/nessler.fr\/wp-admin\/admin-ajax.php\" data-vc-post-id=\"5824\" data-vc-public-nonce=\"ed9e3e2b4a\">\n\t\t\n\t<\/div>\n<\/div><\/div><\/div><\/div><\/div><div class=\"vc_row wpb_row vc_row-fluid vc_custom_1710013510281\"><div class=\"wpb_column vc_column_container vc_col-sm-12\"><div class=\"vc_column-inner\"><div class=\"wpb_wrapper\"><div class=\"vc_btn3-container vc_btn3-center vc_do_btn\" ><a onmouseleave=\"this.style.borderColor='#000000'; this.style.backgroundColor='transparent'; this.style.color='#000000'\" onmouseenter=\"this.style.borderColor='#ffffff'; this.style.backgroundColor='#ffffff'; this.style.color='#000000';\" style=\"border-color:#000000; color:#000000;\" class=\"vc_general vc_btn3 vc_btn3-size-lg vc_btn3-shape-rounded vc_btn3-style-outline-custom\" href=\"https:\/\/nessler.fr\/en\/product\/catalog\/\" title=\"\">Discover the museum catalogue<\/a><\/div><div class=\"vc_btn3-container vc_btn3-center vc_do_btn\" ><a onmouseleave=\"this.style.borderColor='#ffffff'; this.style.backgroundColor='transparent'; this.style.color='#ffffff'\" onmouseenter=\"this.style.borderColor='#dddddd'; this.style.backgroundColor='#dddddd'; this.style.color='#ffffff';\" style=\"border-color:#ffffff; color:#ffffff;\" class=\"vc_general vc_btn3 vc_btn3-size-lg vc_btn3-shape-rounded vc_btn3-style-outline-custom\" href=\"https:\/\/nessler.fr\/en\/guide\/\" title=\"\">Listen to the artist&#039;s testimony<\/a><\/div><\/div><\/div><\/div><\/div>\n<\/div>","protected":false},"excerpt":{"rendered":"Salle des lithographies Une s\u00e9lection de tirages r\u00e9alis\u00e9s \u00e0 partir des gravures sur bois de l'artiste Tirage de gravure sur bois, encre de Chine \u00a9 Collection priv\u00e9e Nessler D\u00e9couvrir le catalogue du mus\u00e9e\u00c9couter le t\u00e9moignage de l'artiste","protected":false},"author":1,"featured_media":0,"parent":5324,"menu_order":0,"comment_status":"closed","ping_status":"closed","template":"","meta":{"footnotes":""},"class_list":["post-5824","page","type-page","status-publish","hentry"],"_links":{"self":[{"href":"https:\/\/nessler.fr\/en\/wp-json\/wp\/v2\/pages\/5824","targetHints":{"allow":["GET"]}}],"collection":[{"href":"https:\/\/nessler.fr\/en\/wp-json\/wp\/v2\/pages"}],"about":[{"href":"https:\/\/nessler.fr\/en\/wp-json\/wp\/v2\/types\/page"}],"author":[{"embeddable":true,"href":"https:\/\/nessler.fr\/en\/wp-json\/wp\/v2\/users\/1"}],"replies":[{"embeddable":true,"href":"https:\/\/nessler.fr\/en\/wp-json\/wp\/v2\/comments?post=5824"}],"version-history":[{"count":10,"href":"https:\/\/nessler.fr\/en\/wp-json\/wp\/v2\/pages\/5824\/revisions"}],"predecessor-version":[{"id":5943,"href":"https:\/\/nessler.fr\/en\/wp-json\/wp\/v2\/pages\/5824\/revisions\/5943"}],"up":[{"embeddable":true,"href":"https:\/\/nessler.fr\/en\/wp-json\/wp\/v2\/pages\/5324"}],"wp:attachment":[{"href":"https:\/\/nessler.fr\/en\/wp-json\/wp\/v2\/media?parent=5824"}],"curies":[{"name":"wp","href":"https:\/\/api.w.org\/{rel}","templated":true}]}}