{"id":5798,"date":"2024-03-11T18:38:54","date_gmt":"2024-03-11T17:38:54","guid":{"rendered":"https:\/\/nessler.fr\/?page_id=5798"},"modified":"2024-06-15T11:21:51","modified_gmt":"2024-06-15T09:21:51","slug":"same-room","status":"publish","type":"page","link":"https:\/\/nessler.fr\/en\/visite\/salle-de-meme\/","title":{"rendered":"Grandma&#039;s Room"},"content":{"rendered":"<div class=\"wpb-content-wrapper\"><div data-vc-full-width=\"true\" data-vc-full-width-temp=\"true\" data-vc-full-width-init=\"false\" data-vc-stretch-content=\"true\" class=\"vc_row wpb_row vc_row-fluid vc_custom_1710143542474 vc_row-o-equal-height vc_row-o-content-middle vc_row-flex\"><div class=\"wpb_column vc_column_container vc_col-sm-12\"><div class=\"vc_column-inner\"><div class=\"wpb_wrapper\"><h6 style=\"font-size: 1em;text-align: left;font-family:Roboto;font-weight:700;font-style:normal\" class=\"vc_custom_heading vc_do_custom_heading vc_custom_1710001455046\" >Grandma&#039;s Room<\/h6>\n\t<div class=\"wpb_text_column wpb_content_element cartel\" >\n\t\t<div class=\"wpb_wrapper\">\n\t\t\t<p><strong>A selection of paintings depicting Maria Cartier (1882-1979), the artist&#039;s maternal grandmother<\/strong><\/p>\n<p>Oil on canvas<br \/>\n\u00a9 Nessler Private Collection<\/p>\n\n\t\t<\/div>\n\t<\/div>\n<\/div><\/div><\/div><\/div><div class=\"vc_row-full-width vc_clearfix\"><\/div><div class=\"vc_row wpb_row vc_row-fluid\"><div class=\"wpb_column vc_column_container vc_col-sm-12\"><div class=\"vc_column-inner\"><div class=\"wpb_wrapper\">\n<div class=\"vc_grid-container-wrapper vc_clearfix vc_grid-animation-none\">\n\t<div class=\"vc_grid-container vc_clearfix wpb_content_element vc_masonry_media_grid\" data-initial-loading-animation=\"none\" data-vc-grid-settings=\"{&quot;page_id&quot;:5798,&quot;style&quot;:&quot;all-masonry&quot;,&quot;action&quot;:&quot;vc_get_vc_grid_data&quot;,&quot;shortcode_id&quot;:&quot;1718438156914-6e980cc0f3954597598cf6fbcec74047-9&quot;,&quot;tag&quot;:&quot;vc_masonry_media_grid&quot;}\" data-vc-request=\"https:\/\/nessler.fr\/wp-admin\/admin-ajax.php\" data-vc-post-id=\"5798\" data-vc-public-nonce=\"ed9e3e2b4a\">\n\t\t\n\t<\/div>\n<\/div><\/div><\/div><\/div><\/div><div class=\"vc_row wpb_row vc_row-fluid vc_custom_1710013510281\"><div class=\"wpb_column vc_column_container vc_col-sm-12\"><div class=\"vc_column-inner\"><div class=\"wpb_wrapper\"><div class=\"vc_btn3-container vc_btn3-center vc_do_btn\" ><a onmouseleave=\"this.style.borderColor='#000000'; this.style.backgroundColor='transparent'; this.style.color='#000000'\" onmouseenter=\"this.style.borderColor='#ffffff'; this.style.backgroundColor='#ffffff'; this.style.color='#000000';\" style=\"border-color:#000000; color:#000000;\" class=\"vc_general vc_btn3 vc_btn3-size-lg vc_btn3-shape-rounded vc_btn3-style-outline-custom\" href=\"https:\/\/nessler.fr\/en\/visit\/gallery-of-the-cadiere-dazur\/\" title=\"\">Continue the tour<\/a><\/div><div class=\"vc_btn3-container vc_btn3-center vc_do_btn\" ><a onmouseleave=\"this.style.borderColor='#ffffff'; this.style.backgroundColor='transparent'; this.style.color='#ffffff'\" onmouseenter=\"this.style.borderColor='#dddddd'; this.style.backgroundColor='#dddddd'; this.style.color='#ffffff';\" style=\"border-color:#ffffff; color:#ffffff;\" class=\"vc_general vc_btn3 vc_btn3-size-lg vc_btn3-shape-rounded vc_btn3-style-outline-custom\" href=\"https:\/\/nessler.fr\/en\/visit\/\" title=\"\">Museum map<\/a><\/div><\/div><\/div><\/div><\/div>\n<\/div>","protected":false},"excerpt":{"rendered":"Salle de M\u00e9m\u00e9 Une s\u00e9lection de peintures repr\u00e9sentant Maria Cartier (1882-1979), grand-m\u00e8re maternelle de l'artiste Huile sur toile \u00a9 Collection priv\u00e9e Nessler Poursuivre la visitePlan du mus\u00e9e","protected":false},"author":1,"featured_media":0,"parent":5324,"menu_order":0,"comment_status":"closed","ping_status":"closed","template":"","meta":{"footnotes":""},"class_list":["post-5798","page","type-page","status-publish","hentry"],"_links":{"self":[{"href":"https:\/\/nessler.fr\/en\/wp-json\/wp\/v2\/pages\/5798","targetHints":{"allow":["GET"]}}],"collection":[{"href":"https:\/\/nessler.fr\/en\/wp-json\/wp\/v2\/pages"}],"about":[{"href":"https:\/\/nessler.fr\/en\/wp-json\/wp\/v2\/types\/page"}],"author":[{"embeddable":true,"href":"https:\/\/nessler.fr\/en\/wp-json\/wp\/v2\/users\/1"}],"replies":[{"embeddable":true,"href":"https:\/\/nessler.fr\/en\/wp-json\/wp\/v2\/comments?post=5798"}],"version-history":[{"count":6,"href":"https:\/\/nessler.fr\/en\/wp-json\/wp\/v2\/pages\/5798\/revisions"}],"predecessor-version":[{"id":5916,"href":"https:\/\/nessler.fr\/en\/wp-json\/wp\/v2\/pages\/5798\/revisions\/5916"}],"up":[{"embeddable":true,"href":"https:\/\/nessler.fr\/en\/wp-json\/wp\/v2\/pages\/5324"}],"wp:attachment":[{"href":"https:\/\/nessler.fr\/en\/wp-json\/wp\/v2\/media?parent=5798"}],"curies":[{"name":"wp","href":"https:\/\/api.w.org\/{rel}","templated":true}]}}