{"id":5324,"date":"2024-03-04T20:13:44","date_gmt":"2024-03-04T19:13:44","guid":{"rendered":"https:\/\/nessler.fr\/?page_id=5324"},"modified":"2025-10-18T17:08:16","modified_gmt":"2025-10-18T15:08:16","slug":"visit","status":"publish","type":"page","link":"https:\/\/nessler.fr\/en\/visite\/","title":{"rendered":"Virtual tour of the Janine Nessler Museum"},"content":{"rendered":"<div class=\"wpb-content-wrapper\"><div class=\"vc_row wpb_row vc_row-fluid vc_custom_1709927663846\"><div class=\"wpb_column vc_column_container vc_col-sm-12\"><div class=\"vc_column-inner\"><div class=\"wpb_wrapper\">\n\t<div class=\"wpb_text_column wpb_content_element\" >\n\t\t<div class=\"wpb_wrapper\">\n\t\t\t<p style=\"text-align: center;\"><strong>Retrospective of the painter Janine Nessler<\/strong><\/p>\n<p style=\"text-align: center;\">Virtual tour of the permanent collection in 15 rooms showcasing more than one hundred works.<\/p>\n\n\t\t<\/div>\n\t<\/div>\n<div class=\"vc_btn3-container vc_btn3-center vc_custom_1710180519772 vc_do_btn\" ><a onmouseleave=\"this.style.borderColor='#0a0a0a'; this.style.backgroundColor='transparent'; this.style.color='#0a0a0a'\" onmouseenter=\"this.style.borderColor='#ffffff'; this.style.backgroundColor='#ffffff'; this.style.color='#0a0a0a';\" style=\"border-color:#0a0a0a; color:#0a0a0a;\" class=\"vc_general vc_btn3 vc_btn3-size-lg vc_btn3-shape-rounded vc_btn3-style-outline-custom vc_btn3-icon-right\" href=\"https:\/\/nessler.fr\/en\/visit\/museum-entrance\/\" title=\"\">Start the tour <i class=\"vc_btn3-icon fas fa-arrow-alt-circle-right\"><\/i><\/a><\/div><\/div><\/div><\/div><\/div><div class=\"vc_row wpb_row vc_row-fluid vc_custom_1709668628104\"><div class=\"wpb_column vc_column_container vc_col-sm-1\/5\"><div class=\"vc_column-inner\"><div class=\"wpb_wrapper\">\n\t<div  class=\"wpb_single_image wpb_content_element vc_align_center wpb_content_element vc_custom_1710179799499\">\n\t\t\n\t\t<figure class=\"wpb_wrapper vc_figure\">\n\t\t\t<a href=\"https:\/\/nessler.fr\/en\/visit\/museum-entrance\/\" target=\"_self\" class=\"vc_single_image-wrapper vc_box_shadow_border_circle  vc_box_border_grey\"><img decoding=\"async\" class=\"vc_single_image-img\" src=\"https:\/\/nessler.fr\/wp-content\/uploads\/2024\/03\/0634-265x265.jpg\" width=\"265\" height=\"265\" alt=\"61x50cm, 1949, Paris\" title=\"61x50cm, 1949, Paris\" loading=\"lazy\" \/><\/a>\n\t\t<\/figure>\n\t<\/div>\n<div style=\"font-size: 0.8em;text-align: center;font-family:Roboto;font-weight:300;font-style:italic\" class=\"vc_custom_heading vc_do_custom_heading vc_custom_1710179811493\" ><a href=\"https:\/\/nessler.fr\/en\/visit\/museum-entrance\/\">Museum entrance<\/a><\/div><\/div><\/div><\/div><div class=\"wpb_column vc_column_container vc_col-sm-1\/5\"><div class=\"vc_column-inner\"><div class=\"wpb_wrapper\">\n\t<div  class=\"wpb_single_image wpb_content_element vc_align_center wpb_content_element vc_custom_1710179828076\">\n\t\t\n\t\t<figure class=\"wpb_wrapper vc_figure\">\n\t\t\t<a href=\"https:\/\/nessler.fr\/en\/visit\/room-of-early-drawings\/\" target=\"_self\" class=\"vc_single_image-wrapper vc_box_shadow_border_circle  vc_box_border_grey\"><img decoding=\"async\" class=\"vc_single_image-img\" src=\"https:\/\/nessler.fr\/wp-content\/uploads\/2024\/03\/d01-scaled-265x265.jpg\" width=\"265\" height=\"265\" alt=\"\" title=\"\" loading=\"lazy\" \/><\/a>\n\t\t<\/figure>\n\t<\/div>\n<div style=\"font-size: 0.8em;text-align: center;font-family:Roboto;font-weight:300;font-style:italic\" class=\"vc_custom_heading vc_do_custom_heading vc_custom_1710179834791\" ><a href=\"https:\/\/nessler.fr\/en\/visit\/room-of-early-drawings\/\">Room of early drawings<\/a><\/div><\/div><\/div><\/div><div class=\"wpb_column vc_column_container vc_col-sm-1\/5\"><div class=\"vc_column-inner\"><div class=\"wpb_wrapper\">\n\t<div  class=\"wpb_single_image wpb_content_element vc_align_center wpb_content_element vc_custom_1710179847342\">\n\t\t\n\t\t<figure class=\"wpb_wrapper vc_figure\">\n\t\t\t<a href=\"https:\/\/nessler.fr\/en\/visit\/gallery-of-early-paintings-and-influences\/\" target=\"_self\" class=\"vc_single_image-wrapper vc_box_shadow_border_circle  vc_box_border_grey\"><img decoding=\"async\" class=\"vc_single_image-img\" src=\"https:\/\/nessler.fr\/wp-content\/uploads\/2024\/03\/0118-scaled-265x265.jpg\" width=\"265\" height=\"265\" alt=\"100x100cm, 1980, Paris\" title=\"100x100cm, 1980, Paris\" loading=\"lazy\" \/><\/a>\n\t\t<\/figure>\n\t<\/div>\n<div style=\"font-size: 0.8em;text-align: center;font-family:Roboto;font-weight:300;font-style:italic\" class=\"vc_custom_heading vc_do_custom_heading vc_custom_1710180219812\" ><a href=\"https:\/\/nessler.fr\/en\/visit\/gallery-of-early-paintings-and-influences\/\">Gallery of early paintings and influences<\/a><\/div><\/div><\/div><\/div><div class=\"wpb_column vc_column_container vc_col-sm-1\/5\"><div class=\"vc_column-inner\"><div class=\"wpb_wrapper\">\n\t<div  class=\"wpb_single_image wpb_content_element vc_align_center wpb_content_element vc_custom_1710179867110\">\n\t\t\n\t\t<figure class=\"wpb_wrapper vc_figure\">\n\t\t\t<a href=\"https:\/\/nessler.fr\/en\/visit\/same-room\/\" target=\"_self\" class=\"vc_single_image-wrapper vc_box_shadow_border_circle  vc_box_border_grey\"><img decoding=\"async\" class=\"vc_single_image-img\" src=\"https:\/\/nessler.fr\/wp-content\/uploads\/2024\/03\/0060-1-scaled-265x265.jpg\" width=\"265\" height=\"265\" alt=\"116x89cm, 1957, Paris\" title=\"116x89cm, 1957, Paris\" loading=\"lazy\" \/><\/a>\n\t\t<\/figure>\n\t<\/div>\n<div style=\"font-size: 0.8em;text-align: center;font-family:Roboto;font-weight:300;font-style:italic\" class=\"vc_custom_heading vc_do_custom_heading vc_custom_1710179873826\" ><a href=\"https:\/\/nessler.fr\/en\/visit\/same-room\/\">Grandma&#039;s Room<\/a><\/div><\/div><\/div><\/div><div class=\"wpb_column vc_column_container vc_col-sm-1\/5\"><div class=\"vc_column-inner\"><div class=\"wpb_wrapper\">\n\t<div  class=\"wpb_single_image wpb_content_element vc_align_center wpb_content_element vc_custom_1710179888912\">\n\t\t\n\t\t<figure class=\"wpb_wrapper vc_figure\">\n\t\t\t<a href=\"https:\/\/nessler.fr\/en\/visit\/gallery-of-the-cadiere-dazur\/\" target=\"_self\" class=\"vc_single_image-wrapper vc_box_shadow_border_circle  vc_box_border_grey\"><img decoding=\"async\" class=\"vc_single_image-img\" src=\"https:\/\/nessler.fr\/wp-content\/uploads\/2024\/03\/1249-scaled-265x265.jpg\" width=\"265\" height=\"265\" alt=\"80x80cm, 1970, Paris\" title=\"80x80cm, 1970, Paris\" loading=\"lazy\" \/><\/a>\n\t\t<\/figure>\n\t<\/div>\n<div style=\"font-size: 0.8em;text-align: center;font-family:Roboto;font-weight:300;font-style:italic\" class=\"vc_custom_heading vc_do_custom_heading vc_custom_1710179899160\" ><a href=\"https:\/\/nessler.fr\/en\/visit\/gallery-of-the-cadiere-dazur\/\">Cadi\u00e8re d&#039;Azur Gallery<\/a><\/div><\/div><\/div><\/div><\/div><div class=\"vc_row wpb_row vc_row-fluid vc_custom_1709668628104\"><div class=\"wpb_column vc_column_container vc_col-sm-1\/5\"><div class=\"vc_column-inner\"><div class=\"wpb_wrapper\">\n\t<div  class=\"wpb_single_image wpb_content_element vc_align_center wpb_content_element vc_custom_1710179915062\">\n\t\t\n\t\t<figure class=\"wpb_wrapper vc_figure\">\n\t\t\t<a href=\"https:\/\/nessler.fr\/en\/visit\/maghreb-gallery\/\" target=\"_self\" class=\"vc_single_image-wrapper vc_box_shadow_border_circle  vc_box_border_grey\"><img decoding=\"async\" class=\"vc_single_image-img\" src=\"https:\/\/nessler.fr\/wp-content\/uploads\/2024\/03\/0952-scaled-265x265.jpg\" width=\"265\" height=\"265\" alt=\"60x60cm, 1994, Paris\" title=\"60x60cm, 1994, Paris\" loading=\"lazy\" \/><\/a>\n\t\t<\/figure>\n\t<\/div>\n<div style=\"font-size: 0.8em;text-align: center;font-family:Roboto;font-weight:300;font-style:italic\" class=\"vc_custom_heading vc_do_custom_heading vc_custom_1710179921393\" ><a href=\"https:\/\/nessler.fr\/en\/visit\/maghreb-gallery\/\">Maghreb Gallery<\/a><\/div><\/div><\/div><\/div><div class=\"wpb_column vc_column_container vc_col-sm-1\/5\"><div class=\"vc_column-inner\"><div class=\"wpb_wrapper\">\n\t<div  class=\"wpb_single_image wpb_content_element vc_align_center wpb_content_element vc_custom_1710179931263\">\n\t\t\n\t\t<figure class=\"wpb_wrapper vc_figure\">\n\t\t\t<a href=\"https:\/\/nessler.fr\/en\/visit\/galerie-du-bord-de-mer\/\" target=\"_self\" class=\"vc_single_image-wrapper vc_box_shadow_border_circle  vc_box_border_grey\"><img decoding=\"async\" class=\"vc_single_image-img\" src=\"https:\/\/nessler.fr\/wp-content\/uploads\/2024\/03\/91-scaled-265x265.jpg\" width=\"265\" height=\"265\" alt=\"80x80cm, 1985, Paris\" title=\"80x80cm, 1985, Paris\" loading=\"lazy\" \/><\/a>\n\t\t<\/figure>\n\t<\/div>\n<div style=\"font-size: 0.8em;text-align: center;font-family:Roboto;font-weight:300;font-style:italic\" class=\"vc_custom_heading vc_do_custom_heading vc_custom_1710179938211\" ><a href=\"https:\/\/nessler.fr\/en\/visit\/galerie-du-bord-de-mer\/\">Seaside Gallery<\/a><\/div><\/div><\/div><\/div><div class=\"wpb_column vc_column_container vc_col-sm-1\/5\"><div class=\"vc_column-inner\"><div class=\"wpb_wrapper\">\n\t<div  class=\"wpb_single_image wpb_content_element vc_align_center wpb_content_element vc_custom_1710179991924\">\n\t\t\n\t\t<figure class=\"wpb_wrapper vc_figure\">\n\t\t\t<a href=\"https:\/\/nessler.fr\/en\/visit\/autumn-room\/\" target=\"_self\" class=\"vc_single_image-wrapper vc_box_shadow_border_circle  vc_box_border_grey\"><img decoding=\"async\" class=\"vc_single_image-img\" src=\"https:\/\/nessler.fr\/wp-content\/uploads\/2024\/03\/0918-scaled-265x265.jpg\" width=\"265\" height=\"265\" alt=\"150x150cm, 1990, Paris\" title=\"150x150cm, 1990, Paris\" loading=\"lazy\" \/><\/a>\n\t\t<\/figure>\n\t<\/div>\n<div style=\"font-size: 0.8em;text-align: center;font-family:Roboto;font-weight:300;font-style:italic\" class=\"vc_custom_heading vc_do_custom_heading vc_custom_1710179999256\" ><a href=\"https:\/\/nessler.fr\/en\/visit\/autumn-room\/\">Autumn Room<\/a><\/div><\/div><\/div><\/div><div class=\"wpb_column vc_column_container vc_col-sm-1\/5\"><div class=\"vc_column-inner\"><div class=\"wpb_wrapper\">\n\t<div  class=\"wpb_single_image wpb_content_element vc_align_center wpb_content_element vc_custom_1710180011642\">\n\t\t\n\t\t<figure class=\"wpb_wrapper vc_figure\">\n\t\t\t<a href=\"https:\/\/nessler.fr\/en\/visit\/childrens-room\/\" target=\"_self\" class=\"vc_single_image-wrapper vc_box_shadow_border_circle  vc_box_border_grey\"><img decoding=\"async\" class=\"vc_single_image-img\" src=\"https:\/\/nessler.fr\/wp-content\/uploads\/2024\/03\/1183-scaled-265x265.jpg\" width=\"265\" height=\"265\" alt=\"120x120cm, 2013, Saint-Cyr-sur-Mer\" title=\"120x120cm, 2013, Saint-Cyr-sur-Mer\" loading=\"lazy\" \/><\/a>\n\t\t<\/figure>\n\t<\/div>\n<div style=\"font-size: 0.8em;text-align: center;font-family:Roboto;font-weight:300;font-style:italic\" class=\"vc_custom_heading vc_do_custom_heading vc_custom_1710180017459\" ><a href=\"https:\/\/nessler.fr\/en\/visit\/childrens-room\/\">Children&#039;s Room<\/a><\/div><\/div><\/div><\/div><div class=\"wpb_column vc_column_container vc_col-sm-1\/5\"><div class=\"vc_column-inner\"><div class=\"wpb_wrapper\">\n\t<div  class=\"wpb_single_image wpb_content_element vc_align_center wpb_content_element vc_custom_1710180031827\">\n\t\t\n\t\t<figure class=\"wpb_wrapper vc_figure\">\n\t\t\t<a href=\"https:\/\/nessler.fr\/en\/visit\/spring-gallery\/\" target=\"_self\" class=\"vc_single_image-wrapper vc_box_shadow_border_circle  vc_box_border_grey\"><img decoding=\"async\" class=\"vc_single_image-img\" src=\"https:\/\/nessler.fr\/wp-content\/uploads\/2024\/03\/0795-scaled-265x265.jpg\" width=\"265\" height=\"265\" alt=\"150x150cm, 2004, Saint-Cyr-sur-Mer\" title=\"150x150cm, 2004, Saint-Cyr-sur-Mer\" loading=\"lazy\" \/><\/a>\n\t\t<\/figure>\n\t<\/div>\n<div style=\"font-size: 0.8em;text-align: center;font-family:Roboto;font-weight:300;font-style:italic\" class=\"vc_custom_heading vc_do_custom_heading vc_custom_1710180038338\" ><a href=\"https:\/\/nessler.fr\/en\/visit\/spring-gallery\/\">Spring Gallery<\/a><\/div><\/div><\/div><\/div><\/div><div class=\"vc_row wpb_row vc_row-fluid vc_custom_1709668628104\"><div class=\"wpb_column vc_column_container vc_col-sm-1\/5\"><div class=\"vc_column-inner\"><div class=\"wpb_wrapper\">\n\t<div  class=\"wpb_single_image wpb_content_element vc_align_center wpb_content_element vc_custom_1710180075627\">\n\t\t\n\t\t<figure class=\"wpb_wrapper vc_figure\">\n\t\t\t<a href=\"https:\/\/nessler.fr\/en\/visit\/gallery-and\/\" target=\"_self\" class=\"vc_single_image-wrapper vc_box_shadow_border_circle  vc_box_border_grey\"><img decoding=\"async\" class=\"vc_single_image-img\" src=\"https:\/\/nessler.fr\/wp-content\/uploads\/2024\/03\/1260-scaled-265x265.jpg\" width=\"265\" height=\"265\" alt=\"100x100cm, 2016, Saint-Cyr-sur-Mer\" title=\"100x100cm, 2016, Saint-Cyr-sur-Mer\" loading=\"lazy\" \/><\/a>\n\t\t<\/figure>\n\t<\/div>\n<div style=\"font-size: 0.8em;text-align: center;font-family:Roboto;font-weight:300;font-style:italic\" class=\"vc_custom_heading vc_do_custom_heading vc_custom_1710180082062\" ><a href=\"https:\/\/nessler.fr\/en\/visit\/gallery-and\/\">Summer Gallery<\/a><\/div><\/div><\/div><\/div><div class=\"wpb_column vc_column_container vc_col-sm-1\/5\"><div class=\"vc_column-inner\"><div class=\"wpb_wrapper\">\n\t<div  class=\"wpb_single_image wpb_content_element vc_align_center wpb_content_element vc_custom_1710180093725\">\n\t\t\n\t\t<figure class=\"wpb_wrapper vc_figure\">\n\t\t\t<a href=\"https:\/\/nessler.fr\/en\/visit\/galerie-des-couples\/\" target=\"_self\" class=\"vc_single_image-wrapper vc_box_shadow_border_circle  vc_box_border_grey\"><img decoding=\"async\" class=\"vc_single_image-img\" src=\"https:\/\/nessler.fr\/wp-content\/uploads\/2024\/03\/0911-scaled-265x265.jpg\" width=\"265\" height=\"265\" alt=\"165x114cm, 2004, Saint-Cyr-sur-Mer\" title=\"165x114cm, 2004, Saint-Cyr-sur-Mer\" loading=\"lazy\" \/><\/a>\n\t\t<\/figure>\n\t<\/div>\n<div style=\"font-size: 0.8em;text-align: center;font-family:Roboto;font-weight:300;font-style:italic\" class=\"vc_custom_heading vc_do_custom_heading vc_custom_1710180099138\" ><a href=\"https:\/\/nessler.fr\/en\/visit\/galerie-des-couples\/\">Couples Gallery<\/a><\/div><\/div><\/div><\/div><div class=\"wpb_column vc_column_container vc_col-sm-1\/5\"><div class=\"vc_column-inner\"><div class=\"wpb_wrapper\">\n\t<div  class=\"wpb_single_image wpb_content_element vc_align_center wpb_content_element vc_custom_1710180109425\">\n\t\t\n\t\t<figure class=\"wpb_wrapper vc_figure\">\n\t\t\t<a href=\"https:\/\/nessler.fr\/en\/visit\/gallery-of-large-canvases\/\" target=\"_self\" class=\"vc_single_image-wrapper vc_box_shadow_border_circle  vc_box_border_grey\"><img decoding=\"async\" class=\"vc_single_image-img\" src=\"https:\/\/nessler.fr\/wp-content\/uploads\/2024\/03\/1132-scaled-265x265.jpg\" width=\"265\" height=\"265\" alt=\"200x200cm, 2005, Saint-Cyr-sur-Mer\" title=\"200x200cm, 2005, Saint-Cyr-sur-Mer\" loading=\"lazy\" \/><\/a>\n\t\t<\/figure>\n\t<\/div>\n<div style=\"font-size: 0.8em;text-align: center;font-family:Roboto;font-weight:300;font-style:italic\" class=\"vc_custom_heading vc_do_custom_heading vc_custom_1710180118574\" ><a href=\"https:\/\/nessler.fr\/en\/visit\/gallery-of-large-canvases\/\">Gallery of large canvases<\/a><\/div><\/div><\/div><\/div><div class=\"wpb_column vc_column_container vc_col-sm-1\/5\"><div class=\"vc_column-inner\"><div class=\"wpb_wrapper\">\n\t<div  class=\"wpb_single_image wpb_content_element vc_align_center wpb_content_element vc_custom_1710351571165\">\n\t\t\n\t\t<figure class=\"wpb_wrapper vc_figure\">\n\t\t\t<a href=\"https:\/\/nessler.fr\/en\/visit\/gallery-of-drawings-and-sketchbooks\/\" target=\"_self\" class=\"vc_single_image-wrapper vc_box_shadow_border_circle  vc_box_border_grey\"><img decoding=\"async\" class=\"vc_single_image-img\" src=\"https:\/\/nessler.fr\/wp-content\/uploads\/2024\/03\/Dessin-2-scaled-265x265.jpg\" width=\"265\" height=\"265\" alt=\"\" title=\"\" loading=\"lazy\" \/><\/a>\n\t\t<\/figure>\n\t<\/div>\n<div style=\"font-size: 0.8em;text-align: center;font-family:Roboto;font-weight:300;font-style:italic\" class=\"vc_custom_heading vc_do_custom_heading vc_custom_1710180234904\" ><a href=\"https:\/\/nessler.fr\/en\/visit\/gallery-of-drawings-and-sketchbooks\/\">Gallery of drawings and sketchbooks<\/a><\/div><\/div><\/div><\/div><div class=\"wpb_column vc_column_container vc_col-sm-1\/5\"><div class=\"vc_column-inner\"><div class=\"wpb_wrapper\">\n\t<div  class=\"wpb_single_image wpb_content_element vc_align_center wpb_content_element vc_custom_1710351586819\">\n\t\t\n\t\t<figure class=\"wpb_wrapper vc_figure\">\n\t\t\t<a href=\"https:\/\/nessler.fr\/en\/visit\/lithography-room\/\" target=\"_self\" class=\"vc_single_image-wrapper vc_box_shadow_border_circle  vc_box_border_grey\"><img decoding=\"async\" class=\"vc_single_image-img\" src=\"https:\/\/nessler.fr\/wp-content\/uploads\/2024\/03\/Lithographie-manifestation-265x265.jpg\" width=\"265\" height=\"265\" alt=\"\" title=\"\" loading=\"lazy\" \/><\/a>\n\t\t<\/figure>\n\t<\/div>\n<div style=\"font-size: 0.8em;text-align: center;font-family:Roboto;font-weight:300;font-style:italic\" class=\"vc_custom_heading vc_do_custom_heading vc_custom_1710180174341\" ><a href=\"https:\/\/nessler.fr\/en\/visit\/lithography-room\/\">Lithograph Room<\/a><\/div><\/div><\/div><\/div><\/div><div class=\"vc_row wpb_row vc_row-fluid\"><div class=\"wpb_column vc_column_container vc_col-sm-12\"><div class=\"vc_column-inner\"><div class=\"wpb_wrapper\"><div class=\"vc_empty_space\"   style=\"height: 4em\"><span class=\"vc_empty_space_inner\"><\/span><\/div><\/div><\/div><\/div><\/div>\n<\/div>","protected":false},"excerpt":{"rendered":"R\u00e9trospective de l'artiste peintre Janine Nessler Visite virtuelle de la collection permanente en 15 salles pr\u00e9sentant plus d'une centaine d'\u0153uvres. D\u00e9marrer la visite Entr\u00e9e du mus\u00e9e Salle des premiers dessins Galerie des premi\u00e8res toiles et des influences Salle de M\u00e9m\u00e9 Galerie de la Cadi\u00e8re d\u2019Azur Galerie du Maghreb Galerie du bord de mer Salle d\u2019automne [...]","protected":false},"author":1,"featured_media":0,"parent":0,"menu_order":0,"comment_status":"closed","ping_status":"closed","template":"","meta":{"footnotes":""},"class_list":["post-5324","page","type-page","status-publish","hentry"],"_links":{"self":[{"href":"https:\/\/nessler.fr\/en\/wp-json\/wp\/v2\/pages\/5324","targetHints":{"allow":["GET"]}}],"collection":[{"href":"https:\/\/nessler.fr\/en\/wp-json\/wp\/v2\/pages"}],"about":[{"href":"https:\/\/nessler.fr\/en\/wp-json\/wp\/v2\/types\/page"}],"author":[{"embeddable":true,"href":"https:\/\/nessler.fr\/en\/wp-json\/wp\/v2\/users\/1"}],"replies":[{"embeddable":true,"href":"https:\/\/nessler.fr\/en\/wp-json\/wp\/v2\/comments?post=5324"}],"version-history":[{"count":45,"href":"https:\/\/nessler.fr\/en\/wp-json\/wp\/v2\/pages\/5324\/revisions"}],"predecessor-version":[{"id":5927,"href":"https:\/\/nessler.fr\/en\/wp-json\/wp\/v2\/pages\/5324\/revisions\/5927"}],"wp:attachment":[{"href":"https:\/\/nessler.fr\/en\/wp-json\/wp\/v2\/media?parent=5324"}],"curies":[{"name":"wp","href":"https:\/\/api.w.org\/{rel}","templated":true}]}}